{"id":2,"date":"2024-04-26T16:22:09","date_gmt":"2024-04-26T16:22:09","guid":{"rendered":"https:\/\/www.birgittevestermark.dk\/?page_id=2"},"modified":"2026-02-04T14:31:46","modified_gmt":"2026-02-04T14:31:46","slug":"sample-page","status":"publish","type":"page","link":"https:\/\/www.birgittevestermark.dk\/?page_id=2","title":{"rendered":"Om Birgitte Vestermark"},"content":{"rendered":"\n<p><strong>Navn<\/strong>: Birgitte Vestermark<br><strong>F\u00f8dt<\/strong>: 1965<br><strong>Kendt for<\/strong>: Krimiserien med Victoria Storm og en r\u00e6kke journalistiske b\u00f8ger.<\/p>\n\n\n\n<p>Den danske journalist og forfatter Birgitte Vestermark er kandidat i Mellem\u00f8ststudier og har stor erfaring som udenrigskorresspondent. Hun har\u00a0blandt andet arbejdet som Mellem\u00f8stkorresspondent i 3 \u00e5r og som korrespondent i Balkan og \u00d8steuropa i 3 \u00e5r. I dag arbejder hun som fuldtidsforfatter.<br><br>Som forfatter st\u00e5r Birgitte Vestermark bag sp\u00e6ndende b\u00f8ger inden for dybt forskellige genrer. Eksempelvis st\u00e5r Birgitte b\u00e5de bag ungdomsfantasyserien\u00a0<a href=\"https:\/\/www.saxo.com\/dk\/den-skjulte-by-shihada-trilogien-bind-1_epub_9788799592708\">Shihada-trilogien<\/a>, b\u00f8rnekrimien\u00a0<a href=\"https:\/\/www.saxo.com\/dk\/ferietyvene_epub_9788799592739\">Ferietyvene<\/a>\u00a0fra 2014 og\u00a0<a href=\"https:\/\/www.saxo.com\/dk\/forfatter\/zeinab-mosawi_11016009\">Zeinab Mosawis<\/a>\u00a0r\u00f8rende biografi\u00a0<a href=\"https:\/\/www.saxo.com\/dk\/himlen-over-min-fars-tag_zeinab-mosawi_indbundet_9788771803518\">Himlen over min fars tag.<\/a><\/p>\n\n\n\n<p>Hun st\u00e5r ogs\u00e5 bag journalistiske b\u00f8ger som <a href=\"https:\/\/litteratursiden.dk\/anmeldelser\/pigen-med-trommestikkerne\">Pigen Med Trommestikkerne <\/a>(om musikeren Ihan Haydars liv), Jeg er Nanna (om en belastet pige i et r\u00e5ddent, gr\u00e5digt og inkompetent dansk socialsystem) og (Ulige for loven (der fort\u00e6ller historien om advokaten, der k\u00e6mper mod det offentlig p\u00e5 vegne af de ramte).<\/p>\n\n\n\n<p>Senest har Birgitte Vestermark udgivet en r\u00e6kke roste krimier om den st\u00e6dige, nysgerrige &#8211; og kloge &#8211; journalist, Victoria Storm. F\u00f8rst kom <a href=\"https:\/\/krimisiden.dk\/content.php?page=bookreview&amp;value=13502\">Ukendt Stof<\/a> (om unge, narko og kriminalitet p\u00e5 Vestegnen), <a href=\"https:\/\/laeselysten.dk\/birgitte-vestermark\">D\u00f8dbold <\/a>(om mord, mishandling og fodbold p\u00e5 Sydfyn), <a href=\"https:\/\/laeselysten.dk\/isolerede-h-ndelser\">Isolerede H\u00e6ndelser<\/a> (om overrevne kabler, mord og metoo p\u00e5 Anholt) og <a href=\"https:\/\/nordsoeposten.dk\/handlingen-i-ny-krimi-udspilles-i-hirtshals\">Offer 00<\/a> (om vold mod kvinder i Hirtshals og omegn).<\/p>\n\n\n\n<p>God forn\u00f8jelse.<\/p>\n\n\n\n<p><\/p>\n","protected":false},"excerpt":{"rendered":"<p>Navn: Birgitte VestermarkF\u00f8dt: 1965Kendt for: Krimiserien med Victoria Storm og en r\u00e6kke journalistiske b\u00f8ger. Den danske journalist og forfatter Birgitte Vestermark er kandidat i Mellem\u00f8ststudier og har stor erfaring som udenrigskorresspondent. Hun har\u00a0blandt andet arbejdet som Mellem\u00f8stkorresspondent i 3 \u00e5r og som korrespondent i Balkan og \u00d8steuropa i 3 \u00e5r. I dag arbejder hun som [&hellip;]<\/p>\n","protected":false},"author":1,"featured_media":0,"parent":0,"menu_order":0,"comment_status":"closed","ping_status":"open","template":"","meta":{"footnotes":""},"class_list":["post-2","page","type-page","status-publish","hentry"],"_links":{"self":[{"href":"https:\/\/www.birgittevestermark.dk\/index.php?rest_route=\/wp\/v2\/pages\/2","targetHints":{"allow":["GET"]}}],"collection":[{"href":"https:\/\/www.birgittevestermark.dk\/index.php?rest_route=\/wp\/v2\/pages"}],"about":[{"href":"https:\/\/www.birgittevestermark.dk\/index.php?rest_route=\/wp\/v2\/types\/page"}],"author":[{"embeddable":true,"href":"https:\/\/www.birgittevestermark.dk\/index.php?rest_route=\/wp\/v2\/users\/1"}],"replies":[{"embeddable":true,"href":"https:\/\/www.birgittevestermark.dk\/index.php?rest_route=%2Fwp%2Fv2%2Fcomments&post=2"}],"version-history":[{"count":6,"href":"https:\/\/www.birgittevestermark.dk\/index.php?rest_route=\/wp\/v2\/pages\/2\/revisions"}],"predecessor-version":[{"id":124,"href":"https:\/\/www.birgittevestermark.dk\/index.php?rest_route=\/wp\/v2\/pages\/2\/revisions\/124"}],"wp:attachment":[{"href":"https:\/\/www.birgittevestermark.dk\/index.php?rest_route=%2Fwp%2Fv2%2Fmedia&parent=2"}],"curies":[{"name":"wp","href":"https:\/\/api.w.org\/{rel}","templated":true}]}}